{"id":1361,"date":"2024-12-05T13:37:50","date_gmt":"2024-12-05T12:37:50","guid":{"rendered":"https:\/\/proyectoespanol.com\/?page_id=1361"},"modified":"2024-12-10T09:27:02","modified_gmt":"2024-12-10T08:27:02","slug":"membres-de","status":"publish","type":"page","link":"https:\/\/proyectoespanol.com\/fr\/membres-de\/","title":{"rendered":"Membres de"},"content":{"rendered":"\t\t<div data-elementor-type=\"wp-page\" data-elementor-id=\"1361\" class=\"elementor elementor-1361 elementor-1359\" data-elementor-post-type=\"page\">\n\t\t\t\t<div class=\"elementor-element elementor-element-4e4ddfe e-con-full e-flex e-con e-parent\" data-id=\"4e4ddfe\" data-element_type=\"container\" data-settings=\"{&quot;background_background&quot;:&quot;classic&quot;,&quot;jet_parallax_layout_list&quot;:[]}\">\n\t\t\t\t<div class=\"elementor-element elementor-element-8923d64 elementor-widget elementor-widget-heading\" data-id=\"8923d64\" data-element_type=\"widget\" data-widget_type=\"heading.default\">\n\t\t\t\t<div class=\"elementor-widget-container\">\n\t\t\t\t\t<h1 class=\"elementor-heading-title elementor-size-default\">Membres de<\/h1>\t\t\t\t<\/div>\n\t\t\t\t<\/div>\n\t\t\t\t<\/div>\n\t\t<div class=\"elementor-element elementor-element-db6e2fb e-flex e-con-boxed e-con e-parent\" data-id=\"db6e2fb\" data-element_type=\"container\" data-settings=\"{&quot;jet_parallax_layout_list&quot;:[]}\">\n\t\t\t\t\t<div class=\"e-con-inner\">\n\t\t\t\t<div class=\"elementor-element elementor-element-4d51e31 elementor-widget elementor-widget-text-editor\" data-id=\"4d51e31\" data-element_type=\"widget\" data-widget_type=\"text-editor.default\">\n\t\t\t\t<div class=\"elementor-widget-container\">\n\t\t\t\t\t\t\t\t\t<p>PROYECTO ESPA\u00d1OL est membre de diff\u00e9rentes associations avec lesquelles elle entretient des relations privil\u00e9gi\u00e9es :<\/p>\n\t\t\t\t\t\t\t\t<\/div>\n\t\t\t\t<\/div>\n\t\t\t\t\t<\/div>\n\t\t\t\t<\/div>\n\t\t<div class=\"elementor-element elementor-element-49dde88 e-grid e-con-boxed e-con e-parent\" data-id=\"49dde88\" data-element_type=\"container\" data-settings=\"{&quot;jet_parallax_layout_list&quot;:[]}\">\n\t\t\t\t\t<div class=\"e-con-inner\">\n\t\t<div class=\"elementor-element elementor-element-fb5c69b e-con-full e-flex e-con e-child\" data-id=\"fb5c69b\" data-element_type=\"container\" data-settings=\"{&quot;background_background&quot;:&quot;classic&quot;,&quot;jet_parallax_layout_list&quot;:[]}\">\n\t\t<div class=\"elementor-element elementor-element-72c28ca e-con-full e-flex e-con e-child\" data-id=\"72c28ca\" data-element_type=\"container\" data-settings=\"{&quot;jet_parallax_layout_list&quot;:[]}\">\n\t\t\t\t<div class=\"elementor-element elementor-element-94dd9e2 elementor-widget elementor-widget-image\" data-id=\"94dd9e2\" data-element_type=\"widget\" data-widget_type=\"image.default\">\n\t\t\t\t<div class=\"elementor-widget-container\">\n\t\t\t\t\t\t\t\t\t\t\t\t\t\t\t<img decoding=\"async\" src=\"https:\/\/proyectoespanol.com\/wp-content\/uploads\/elementor\/thumbs\/fedele-qy27topzo22qspxrnxbrpnkvartwf05ovd4ukyfykk.png\" title=\"fedele\" alt=\"fedele\" loading=\"lazy\" \/>\t\t\t\t\t\t\t\t\t\t\t\t\t\t\t<\/div>\n\t\t\t\t<\/div>\n\t\t\t\t<div class=\"elementor-element elementor-element-4ebc340 elementor-widget elementor-widget-n-accordion\" data-id=\"4ebc340\" data-element_type=\"widget\" data-settings=\"{&quot;default_state&quot;:&quot;all_collapsed&quot;,&quot;max_items_expended&quot;:&quot;one&quot;,&quot;n_accordion_animation_duration&quot;:{&quot;unit&quot;:&quot;ms&quot;,&quot;size&quot;:400,&quot;sizes&quot;:[]}}\" data-widget_type=\"nested-accordion.default\">\n\t\t\t\t<div class=\"elementor-widget-container\">\n\t\t\t\t\t\t\t<div class=\"e-n-accordion\" aria-label=\"Accordion. Open links with Enter or Space, close with Escape, and navigate with Arrow Keys\">\n\t\t\t\t\t\t<details id=\"e-n-accordion-item-8250\" class=\"e-n-accordion-item\" >\n\t\t\t\t<summary class=\"e-n-accordion-item-title\" data-accordion-index=\"1\" tabindex=\"0\" aria-expanded=\"false\" aria-controls=\"e-n-accordion-item-8250\" >\n\t\t\t\t\t<span class='e-n-accordion-item-title-header'><div class=\"e-n-accordion-item-title-text\">  FEDELE <\/div><\/span>\n\t\t\t\t\t\t\t<span class='e-n-accordion-item-title-icon'>\n\t\t\t<span class='e-opened' ><svg aria-hidden=\"true\" class=\"e-font-icon-svg e-fas-minus\" viewBox=\"0 0 448 512\" xmlns=\"http:\/\/www.w3.org\/2000\/svg\"><path d=\"M416 208H32c-17.67 0-32 14.33-32 32v32c0 17.67 14.33 32 32 32h384c17.67 0 32-14.33 32-32v-32c0-17.67-14.33-32-32-32z\"><\/path><\/svg><\/span>\n\t\t\t<span class='e-closed'><svg aria-hidden=\"true\" class=\"e-font-icon-svg e-fas-plus\" viewBox=\"0 0 448 512\" xmlns=\"http:\/\/www.w3.org\/2000\/svg\"><path d=\"M416 208H272V64c0-17.67-14.33-32-32-32h-32c-17.67 0-32 14.33-32 32v144H32c-17.67 0-32 14.33-32 32v32c0 17.67 14.33 32 32 32h144v144c0 17.67 14.33 32 32 32h32c17.67 0 32-14.33 32-32V304h144c17.67 0 32-14.33 32-32v-32c0-17.67-14.33-32-32-32z\"><\/path><\/svg><\/span>\n\t\t<\/span>\n\n\t\t\t\t\t\t<\/summary>\n\t\t\t\t<div role=\"region\" aria-labelledby=\"e-n-accordion-item-8250\" class=\"elementor-element elementor-element-5f7604d e-con-full e-flex e-con e-child\" data-id=\"5f7604d\" data-element_type=\"container\" data-settings=\"{&quot;jet_parallax_layout_list&quot;:[]}\">\n\t\t\t\t<div class=\"elementor-element elementor-element-d1b83ab elementor-widget elementor-widget-text-editor\" data-id=\"d1b83ab\" data-element_type=\"widget\" data-widget_type=\"text-editor.default\">\n\t\t\t\t<div class=\"elementor-widget-container\">\n\t\t\t\t\t\t\t\t\t<p>PROYECTO ESPA\u00d1OL est membre de la \u00ab <strong>F\u00e9d\u00e9ration espagnole des associations d&#8217;\u00e9coles espagnoles pour \u00e9trangers (FEDELE) <\/strong> \u00bb, qui a une structure f\u00e9d\u00e9rative et est compos\u00e9e de six associations d&#8217;\u00e9coles espagnoles pour \u00e9trangers. Chacune d&#8217;entre elles poss\u00e8de sa propre personnalit\u00e9 juridique, bien qu&#8217;elles partagent toutes un code d&#8217;\u00e9thique, des normes de qualit\u00e9 et des r\u00e8glements communs. C&#8217;est pourquoi \u00eatre membre de la FEDELE est une garantie de qualit\u00e9. Vous pouvez consulter notre <strong>engagement de qualit\u00e9.<\/strong>   <\/p>\n<p><a href=\"https:\/\/fedele.org\/\" target=\"_blank\" rel=\"nofollow noopener\"><span style=\"text-decoration: underline; color: #f39200;\"><small>Plus d&#8217;informations<\/small> <strong class=\"nounderlines\">\u00bb<\/strong><\/span><\/a><\/p>\n\t\t\t\t\t\t\t\t<\/div>\n\t\t\t\t<\/div>\n\t\t\t\t<\/div>\n\t\t\t\t\t<\/details>\n\t\t\t\t\t<\/div>\n\t\t\t\t\t\t<\/div>\n\t\t\t\t<\/div>\n\t\t\t\t<\/div>\n\t\t\t\t<\/div>\n\t\t<div class=\"elementor-element elementor-element-933bd20 e-con-full e-flex e-con e-child\" data-id=\"933bd20\" data-element_type=\"container\" data-settings=\"{&quot;background_background&quot;:&quot;classic&quot;,&quot;jet_parallax_layout_list&quot;:[]}\">\n\t\t<div class=\"elementor-element elementor-element-58f6fcd e-con-full e-flex e-con e-child\" data-id=\"58f6fcd\" data-element_type=\"container\" data-settings=\"{&quot;jet_parallax_layout_list&quot;:[]}\">\n\t\t\t\t<div class=\"elementor-element elementor-element-cb5d8a0 elementor-widget elementor-widget-image\" data-id=\"cb5d8a0\" data-element_type=\"widget\" data-widget_type=\"image.default\">\n\t\t\t\t<div class=\"elementor-widget-container\">\n\t\t\t\t\t\t\t\t\t\t\t\t\t\t\t<img decoding=\"async\" src=\"https:\/\/proyectoespanol.com\/wp-content\/uploads\/elementor\/thumbs\/ameele-qy27tlwh3jyvtw1v4e3w06ahim7srwuhuz6e54k538.png\" title=\"ameele\" alt=\"ameele\" loading=\"lazy\" \/>\t\t\t\t\t\t\t\t\t\t\t\t\t\t\t<\/div>\n\t\t\t\t<\/div>\n\t\t\t\t<div class=\"elementor-element elementor-element-db54ace elementor-widget elementor-widget-n-accordion\" data-id=\"db54ace\" data-element_type=\"widget\" data-settings=\"{&quot;default_state&quot;:&quot;all_collapsed&quot;,&quot;max_items_expended&quot;:&quot;one&quot;,&quot;n_accordion_animation_duration&quot;:{&quot;unit&quot;:&quot;ms&quot;,&quot;size&quot;:400,&quot;sizes&quot;:[]}}\" data-widget_type=\"nested-accordion.default\">\n\t\t\t\t<div class=\"elementor-widget-container\">\n\t\t\t\t\t\t\t<div class=\"e-n-accordion\" aria-label=\"Accordion. Open links with Enter or Space, close with Escape, and navigate with Arrow Keys\">\n\t\t\t\t\t\t<details id=\"e-n-accordion-item-2290\" class=\"e-n-accordion-item\" >\n\t\t\t\t<summary class=\"e-n-accordion-item-title\" data-accordion-index=\"1\" tabindex=\"0\" aria-expanded=\"false\" aria-controls=\"e-n-accordion-item-2290\" >\n\t\t\t\t\t<span class='e-n-accordion-item-title-header'><div class=\"e-n-accordion-item-title-text\"> FEDELE Comunidad Valenciana <\/div><\/span>\n\t\t\t\t\t\t\t<span class='e-n-accordion-item-title-icon'>\n\t\t\t<span class='e-opened' ><svg aria-hidden=\"true\" class=\"e-font-icon-svg e-fas-minus\" viewBox=\"0 0 448 512\" xmlns=\"http:\/\/www.w3.org\/2000\/svg\"><path d=\"M416 208H32c-17.67 0-32 14.33-32 32v32c0 17.67 14.33 32 32 32h384c17.67 0 32-14.33 32-32v-32c0-17.67-14.33-32-32-32z\"><\/path><\/svg><\/span>\n\t\t\t<span class='e-closed'><svg aria-hidden=\"true\" class=\"e-font-icon-svg e-fas-plus\" viewBox=\"0 0 448 512\" xmlns=\"http:\/\/www.w3.org\/2000\/svg\"><path d=\"M416 208H272V64c0-17.67-14.33-32-32-32h-32c-17.67 0-32 14.33-32 32v144H32c-17.67 0-32 14.33-32 32v32c0 17.67 14.33 32 32 32h144v144c0 17.67 14.33 32 32 32h32c17.67 0 32-14.33 32-32V304h144c17.67 0 32-14.33 32-32v-32c0-17.67-14.33-32-32-32z\"><\/path><\/svg><\/span>\n\t\t<\/span>\n\n\t\t\t\t\t\t<\/summary>\n\t\t\t\t<div role=\"region\" aria-labelledby=\"e-n-accordion-item-2290\" class=\"elementor-element elementor-element-10c66e7 e-con-full e-flex e-con e-child\" data-id=\"10c66e7\" data-element_type=\"container\" data-settings=\"{&quot;jet_parallax_layout_list&quot;:[]}\">\n\t\t\t\t<div class=\"elementor-element elementor-element-9f0193b elementor-widget elementor-widget-text-editor\" data-id=\"9f0193b\" data-element_type=\"widget\" data-widget_type=\"text-editor.default\">\n\t\t\t\t<div class=\"elementor-widget-container\">\n\t\t\t\t\t\t\t\t\t<p><strong>FEDELE Comunidad Valenciana<\/strong> PROYECTO ESPA\u00d1OL est \u00e9galement membre de FEDELE dans la Communaut\u00e9 Valencienne. Cette organisation a \u00e9t\u00e9 cr\u00e9\u00e9e en 2002 dans le but de rassembler les principales \u00e9coles d&#8217;espagnol de la Communaut\u00e9 valencienne afin d&#8217;atteindre des normes de qualit\u00e9 \u00e9lev\u00e9es dans nos services. Tous les membres de FEDELE Comunidad Valenciana sont accr\u00e9dit\u00e9s par l&#8217;Instituto Cervantes, une garantie pour tous ceux qui souhaitent \u00e9tudier l&#8217;espagnol dans nos \u00e9coles.  <\/p>\n<p><a href=\"http:\/\/www.ameele.net\" target=\"_blank\" rel=\"nofollow noopener\"><span style=\"text-decoration: underline; color: #f39200;\"><small>Plus d&#8217;informations<\/small> <strong class=\"nounderlines\">\u00bb<\/strong><\/span><\/a><\/p>\n\t\t\t\t\t\t\t\t<\/div>\n\t\t\t\t<\/div>\n\t\t\t\t<\/div>\n\t\t\t\t\t<\/details>\n\t\t\t\t\t<\/div>\n\t\t\t\t\t\t<\/div>\n\t\t\t\t<\/div>\n\t\t\t\t<\/div>\n\t\t\t\t<\/div>\n\t\t<div class=\"elementor-element elementor-element-fa7ea1a e-con-full e-flex e-con e-child\" data-id=\"fa7ea1a\" data-element_type=\"container\" data-settings=\"{&quot;background_background&quot;:&quot;classic&quot;,&quot;jet_parallax_layout_list&quot;:[]}\">\n\t\t<div class=\"elementor-element elementor-element-cda91e6 e-con-full e-flex e-con e-child\" data-id=\"cda91e6\" data-element_type=\"container\" data-settings=\"{&quot;jet_parallax_layout_list&quot;:[]}\">\n\t\t\t\t<div class=\"elementor-element elementor-element-db7f518 elementor-widget elementor-widget-image\" data-id=\"db7f518\" data-element_type=\"widget\" data-widget_type=\"image.default\">\n\t\t\t\t<div class=\"elementor-widget-container\">\n\t\t\t\t\t\t\t\t\t\t\t\t\t\t\t<img decoding=\"async\" src=\"https:\/\/proyectoespanol.com\/wp-content\/uploads\/elementor\/thumbs\/espanol-andalucia-qy27tmubae065i0hywiiko1y4035zly873tvmeiqx0.png\" title=\"espa\u00f1ol-andalucia\" alt=\"espa\u00f1ol-andalucia\" loading=\"lazy\" \/>\t\t\t\t\t\t\t\t\t\t\t\t\t\t\t<\/div>\n\t\t\t\t<\/div>\n\t\t\t\t<div class=\"elementor-element elementor-element-07bac79 elementor-widget elementor-widget-n-accordion\" data-id=\"07bac79\" data-element_type=\"widget\" data-settings=\"{&quot;default_state&quot;:&quot;all_collapsed&quot;,&quot;max_items_expended&quot;:&quot;one&quot;,&quot;n_accordion_animation_duration&quot;:{&quot;unit&quot;:&quot;ms&quot;,&quot;size&quot;:400,&quot;sizes&quot;:[]}}\" data-widget_type=\"nested-accordion.default\">\n\t\t\t\t<div class=\"elementor-widget-container\">\n\t\t\t\t\t\t\t<div class=\"e-n-accordion\" aria-label=\"Accordion. Open links with Enter or Space, close with Escape, and navigate with Arrow Keys\">\n\t\t\t\t\t\t<details id=\"e-n-accordion-item-8100\" class=\"e-n-accordion-item\" >\n\t\t\t\t<summary class=\"e-n-accordion-item-title\" data-accordion-index=\"1\" tabindex=\"0\" aria-expanded=\"false\" aria-controls=\"e-n-accordion-item-8100\" >\n\t\t\t\t\t<span class='e-n-accordion-item-title-header'><div class=\"e-n-accordion-item-title-text\"> Espagnol en Andalousie <\/div><\/span>\n\t\t\t\t\t\t\t<span class='e-n-accordion-item-title-icon'>\n\t\t\t<span class='e-opened' ><svg aria-hidden=\"true\" class=\"e-font-icon-svg e-fas-minus\" viewBox=\"0 0 448 512\" xmlns=\"http:\/\/www.w3.org\/2000\/svg\"><path d=\"M416 208H32c-17.67 0-32 14.33-32 32v32c0 17.67 14.33 32 32 32h384c17.67 0 32-14.33 32-32v-32c0-17.67-14.33-32-32-32z\"><\/path><\/svg><\/span>\n\t\t\t<span class='e-closed'><svg aria-hidden=\"true\" class=\"e-font-icon-svg e-fas-plus\" viewBox=\"0 0 448 512\" xmlns=\"http:\/\/www.w3.org\/2000\/svg\"><path d=\"M416 208H272V64c0-17.67-14.33-32-32-32h-32c-17.67 0-32 14.33-32 32v144H32c-17.67 0-32 14.33-32 32v32c0 17.67 14.33 32 32 32h144v144c0 17.67 14.33 32 32 32h32c17.67 0 32-14.33 32-32V304h144c17.67 0 32-14.33 32-32v-32c0-17.67-14.33-32-32-32z\"><\/path><\/svg><\/span>\n\t\t<\/span>\n\n\t\t\t\t\t\t<\/summary>\n\t\t\t\t<div role=\"region\" aria-labelledby=\"e-n-accordion-item-8100\" class=\"elementor-element elementor-element-fa5f222 e-con-full e-flex e-con e-child\" data-id=\"fa5f222\" data-element_type=\"container\" data-settings=\"{&quot;jet_parallax_layout_list&quot;:[]}\">\n\t\t\t\t<div class=\"elementor-element elementor-element-1a78a74 elementor-widget elementor-widget-text-editor\" data-id=\"1a78a74\" data-element_type=\"widget\" data-widget_type=\"text-editor.default\">\n\t\t\t\t<div class=\"elementor-widget-container\">\n\t\t\t\t\t\t\t\t\t<p><strong>Association des \u00e9coles d&#8217;espagnol en Andalousie<\/strong> PROYECTO ESPA\u00d1OL est \u00e9galement membre de cette organisation depuis sa cr\u00e9ation. Nous adh\u00e9rons \u00e0 la charte de qualit\u00e9 partag\u00e9e par tous les membres de l&#8217;association et nous garantissons \u00e9galement \u00e0 nos \u00e9tudiants une qualit\u00e9 plus qu&#8217;accr\u00e9dit\u00e9e. <\/p>\n<p><a href=\"https:\/\/aeea.org\/\" target=\"_blank\" rel=\"nofollow noopener\"><span style=\"text-decoration: underline; color: #f39200;\"><small>Plus d&#8217;informations<\/small> <strong class=\"nounderlines\">\u00bb<\/strong><\/span><\/a><\/p>\n\t\t\t\t\t\t\t\t<\/div>\n\t\t\t\t<\/div>\n\t\t\t\t<\/div>\n\t\t\t\t\t<\/details>\n\t\t\t\t\t<\/div>\n\t\t\t\t\t\t<\/div>\n\t\t\t\t<\/div>\n\t\t\t\t<\/div>\n\t\t\t\t<\/div>\n\t\t\t\t\t<\/div>\n\t\t\t\t<\/div>\n\t\t\t\t<\/div>\n\t\t","protected":false},"excerpt":{"rendered":"<p>Membres de PROYECTO ESPA\u00d1OL est membre de diff\u00e9rentes associations avec lesquelles elle entretient des relations privil\u00e9gi\u00e9es : FEDELE PROYECTO ESPA\u00d1OL est membre de la \u00ab F\u00e9d\u00e9ration espagnole des associations d&#8217;\u00e9coles espagnoles pour \u00e9trangers (FEDELE) \u00bb, qui a une structure f\u00e9d\u00e9rative et est compos\u00e9e de six associations d&#8217;\u00e9coles espagnoles pour \u00e9trangers. Chacune d&#8217;entre elles poss\u00e8de sa [&hellip;]<\/p>\n","protected":false},"author":1,"featured_media":0,"parent":0,"menu_order":0,"comment_status":"closed","ping_status":"closed","template":"","meta":{"footnotes":""},"class_list":["post-1361","page","type-page","status-publish","hentry"],"_links":{"self":[{"href":"https:\/\/proyectoespanol.com\/fr\/wp-json\/wp\/v2\/pages\/1361","targetHints":{"allow":["GET"]}}],"collection":[{"href":"https:\/\/proyectoespanol.com\/fr\/wp-json\/wp\/v2\/pages"}],"about":[{"href":"https:\/\/proyectoespanol.com\/fr\/wp-json\/wp\/v2\/types\/page"}],"author":[{"embeddable":true,"href":"https:\/\/proyectoespanol.com\/fr\/wp-json\/wp\/v2\/users\/1"}],"replies":[{"embeddable":true,"href":"https:\/\/proyectoespanol.com\/fr\/wp-json\/wp\/v2\/comments?post=1361"}],"version-history":[{"count":0,"href":"https:\/\/proyectoespanol.com\/fr\/wp-json\/wp\/v2\/pages\/1361\/revisions"}],"wp:attachment":[{"href":"https:\/\/proyectoespanol.com\/fr\/wp-json\/wp\/v2\/media?parent=1361"}],"curies":[{"name":"wp","href":"https:\/\/api.w.org\/{rel}","templated":true}]}}