{"id":1384,"date":"2024-12-05T14:48:44","date_gmt":"2024-12-05T13:48:44","guid":{"rendered":"https:\/\/proyectoespanol.com\/?page_id=1384"},"modified":"2026-03-30T12:09:12","modified_gmt":"2026-03-30T10:09:12","slug":"feder","status":"publish","type":"page","link":"https:\/\/proyectoespanol.com\/fr\/feder\/","title":{"rendered":"Fonds europ\u00e9en de d\u00e9veloppement r\u00e9gional"},"content":{"rendered":"\t\t<div data-elementor-type=\"wp-page\" data-elementor-id=\"1384\" class=\"elementor elementor-1384 elementor-1382\" data-elementor-post-type=\"page\">\n\t\t\t\t<div class=\"elementor-element elementor-element-4e4ddfe e-con-full e-flex e-con e-parent\" data-id=\"4e4ddfe\" data-element_type=\"container\" data-settings=\"{&quot;background_background&quot;:&quot;classic&quot;,&quot;jet_parallax_layout_list&quot;:[]}\">\n\t\t\t\t<div class=\"elementor-element elementor-element-8923d64 elementor-widget elementor-widget-heading\" data-id=\"8923d64\" data-element_type=\"widget\" data-widget_type=\"heading.default\">\n\t\t\t\t<div class=\"elementor-widget-container\">\n\t\t\t\t\t<h1 class=\"elementor-heading-title elementor-size-default\">Fonds europ\u00e9en de d\u00e9veloppement r\u00e9gional<\/h1>\t\t\t\t<\/div>\n\t\t\t\t<\/div>\n\t\t\t\t<\/div>\n\t\t<div class=\"elementor-element elementor-element-d3a2650 e-grid e-con-boxed e-con e-parent\" data-id=\"d3a2650\" data-element_type=\"container\" data-settings=\"{&quot;jet_parallax_layout_list&quot;:[]}\">\n\t\t\t\t\t<div class=\"e-con-inner\">\n\t\t<div class=\"elementor-element elementor-element-75295bf e-con-full e-flex e-con e-child\" data-id=\"75295bf\" data-element_type=\"container\" data-settings=\"{&quot;jet_parallax_layout_list&quot;:[]}\">\n\t\t\t\t<div class=\"elementor-element elementor-element-2330bf7 elementor-widget elementor-widget-heading\" data-id=\"2330bf7\" data-element_type=\"widget\" data-widget_type=\"heading.default\">\n\t\t\t\t<div class=\"elementor-widget-container\">\n\t\t\t\t\t<h2 class=\"elementor-heading-title elementor-size-default\">Fonds europ\u00e9en de d\u00e9veloppement r\u00e9gional (FEDER)<\/h2>\t\t\t\t<\/div>\n\t\t\t\t<\/div>\n\t\t\t\t<div class=\"elementor-element elementor-element-a7c2349 elementor-widget elementor-widget-text-editor\" data-id=\"a7c2349\" data-element_type=\"widget\" data-widget_type=\"text-editor.default\">\n\t\t\t\t<div class=\"elementor-widget-container\">\n\t\t\t\t\t\t\t\t\t<p><strong>Le Fonds europ\u00e9en de d\u00e9veloppement r\u00e9gional (FEDER) <\/strong>est un programme de l&#8217;Union europ\u00e9enne visant \u00e0 r\u00e9duire les in\u00e9galit\u00e9s \u00e9conomiques et sociales entre ses r\u00e9gions et \u00e0 promouvoir le d\u00e9veloppement des entreprises et l&#8217;internationalisation. Le <strong>Proyecto Espa\u00f1ol<\/strong> a re\u00e7u une subvention g\u00e9r\u00e9e par l&#8217;<strong>IVACE<\/strong>, dans le cadre de ce programme, pour mettre en \u0153uvre des actions cl\u00e9s de son plan d&#8217;expansion sur les march\u00e9s internationaux.<\/p>\n<p>La subvention, d&#8217;un montant de <strong>11 958,38 euros<\/strong> (en attente d&#8217;examen et de r\u00e9ception), soutient les activit\u00e9s de marketing et de promotion dans des r\u00e9gions strat\u00e9giques, facilitant ainsi la croissance de l&#8217;\u00e9cole sur les march\u00e9s d&#8217;Asie et d&#8217;Europe du Nord.<\/p>\n\t\t\t\t\t\t\t\t<\/div>\n\t\t\t\t<\/div>\n\t\t\t\t<\/div>\n\t\t<div class=\"elementor-element elementor-element-c534d0a e-con-full e-flex e-con e-child\" data-id=\"c534d0a\" data-element_type=\"container\" data-settings=\"{&quot;background_background&quot;:&quot;classic&quot;,&quot;jet_parallax_layout_list&quot;:[]}\">\n\t\t\t\t<div class=\"elementor-element elementor-element-570170e elementor-widget elementor-widget-spacer\" data-id=\"570170e\" data-element_type=\"widget\" data-widget_type=\"spacer.default\">\n\t\t\t\t<div class=\"elementor-widget-container\">\n\t\t\t\t\t\t\t<div class=\"elementor-spacer\">\n\t\t\t<div class=\"elementor-spacer-inner\"><\/div>\n\t\t<\/div>\n\t\t\t\t\t\t<\/div>\n\t\t\t\t<\/div>\n\t\t\t\t<\/div>\n\t\t\t\t\t<\/div>\n\t\t\t\t<\/div>\n\t\t<div class=\"elementor-element elementor-element-bbf8f5e e-con-full e-flex e-con e-parent\" data-id=\"bbf8f5e\" data-element_type=\"container\" data-settings=\"{&quot;jet_parallax_layout_list&quot;:[]}\">\n\t\t<div class=\"elementor-element elementor-element-71d5b28 e-con-full e-flex e-con e-child\" data-id=\"71d5b28\" data-element_type=\"container\" data-settings=\"{&quot;background_background&quot;:&quot;classic&quot;,&quot;jet_parallax_layout_list&quot;:[]}\">\n\t\t\t\t<\/div>\n\t\t<div class=\"elementor-element elementor-element-ab718e3 e-con-full e-flex e-con e-child\" data-id=\"ab718e3\" data-element_type=\"container\" data-settings=\"{&quot;background_background&quot;:&quot;classic&quot;,&quot;jet_parallax_layout_list&quot;:[]}\">\n\t\t\t\t<div class=\"elementor-element elementor-element-7d3e988 elementor-widget elementor-widget-heading\" data-id=\"7d3e988\" data-element_type=\"widget\" data-widget_type=\"heading.default\">\n\t\t\t\t<div class=\"elementor-widget-container\">\n\t\t\t\t\t<h2 class=\"elementor-heading-title elementor-size-default\">Plan d'internationalisation du Proyecto Espa\u00f1ol<\/h2>\t\t\t\t<\/div>\n\t\t\t\t<\/div>\n\t\t\t\t<div class=\"elementor-element elementor-element-aeddc91 elementor-widget elementor-widget-text-editor\" data-id=\"aeddc91\" data-element_type=\"widget\" data-widget_type=\"text-editor.default\">\n\t\t\t\t<div class=\"elementor-widget-container\">\n\t\t\t\t\t\t\t\t\t<p><strong>Proyecto Espa\u00f1ol <\/strong>est une \u00e9cole de langue espagnole pour \u00e9trangers, dont les clients sont principalement recrut\u00e9s dans leur pays d&#8217;origine. C&#8217;est pourquoi il est essentiel d&#8217;utiliser des strat\u00e9gies de marketing efficaces pour \u00e9tendre sa port\u00e9e mondiale. <\/p>\n<p>Le plan d&#8217;internationalisation de l&#8217;\u00e9cole a deux objectifs principaux :<\/p>\n<ol>\n<li>Consolider et \u00e9tendre sa pr\u00e9sence en Europe.<\/li>\n<li>P\u00e9n\u00e9trer les march\u00e9s \u00e9mergents tels que la Russie et l&#8217;Asie, o\u00f9 l&#8217;int\u00e9r\u00eat pour l&#8217;apprentissage de l&#8217;espagnol est en plein essor, mais o\u00f9 il existe des barri\u00e8res li\u00e9es \u00e0 la langue, \u00e0 la distance et aux ressources.<\/li>\n<\/ol>\n\t\t\t\t\t\t\t\t<\/div>\n\t\t\t\t<\/div>\n\t\t\t\t<div class=\"elementor-element elementor-element-73d85b5 elementor-widget elementor-widget-heading\" data-id=\"73d85b5\" data-element_type=\"widget\" data-widget_type=\"heading.default\">\n\t\t\t\t<div class=\"elementor-widget-container\">\n\t\t\t\t\t<h2 class=\"elementor-heading-title elementor-size-default\">Actions cl\u00e9s men\u00e9es entre 2017 et 2026 :<\/h2>\t\t\t\t<\/div>\n\t\t\t\t<\/div>\n\t\t\t\t<div class=\"elementor-element elementor-element-4d3a58b elementor-icon-list--layout-traditional elementor-list-item-link-full_width elementor-widget elementor-widget-icon-list\" data-id=\"4d3a58b\" data-element_type=\"widget\" data-widget_type=\"icon-list.default\">\n\t\t\t\t<div class=\"elementor-widget-container\">\n\t\t\t\t\t\t\t<ul class=\"elementor-icon-list-items\">\n\t\t\t\t\t\t\t<li class=\"elementor-icon-list-item\">\n\t\t\t\t\t\t\t\t\t\t\t<span class=\"elementor-icon-list-icon\">\n\t\t\t\t\t\t\t<svg xmlns=\"http:\/\/www.w3.org\/2000\/svg\" id=\"Capa_1\" data-name=\"Capa 1\" viewBox=\"0 0 45.89 18.13\"><path d=\"m40.66,1.4c-1.73,1.55-3.23,2.54-4.49,2.94-1.56.5-2.54.58-4.3.53-1.61-.05-3.14-.31-4.61-.8-1.48-.48-2.89-1.03-4.23-1.63-1.51-.6-2.96-1.15-4.35-1.63C17.28.32,15.78.06,14.17,0c-3.06-.09-5.78.47-8.19,1.68C3.57,2.91,1.58,4.37,0,6.09c.51,1.94,1.19,3.85,2.06,5.72.87,1.88,1.92,3.51,3.17,4.91,1.49-1.48,2.9-2.44,4.24-2.88,1.34-.44,2.81-.64,4.42-.59,1.45.04,2.86.31,4.26.79,1.39.49,2.85,1.03,4.36,1.63,1.43.53,2.94,1.05,4.54,1.58,1.6.53,3.27.82,5.04.87,2.81.08,5.44-.46,7.88-1.63,2.45-1.17,4.42-2.66,5.92-4.46-.5-1.94-1.19-3.84-2.06-5.72-.87-1.87-1.93-3.51-3.17-4.91Z\"><\/path><\/svg>\t\t\t\t\t\t<\/span>\n\t\t\t\t\t\t\t\t\t\t<span class=\"elementor-icon-list-text\">\u00c9largissement du r\u00e9seau d'agences partenaires.<\/span>\n\t\t\t\t\t\t\t\t\t<\/li>\n\t\t\t\t\t\t\t\t<li class=\"elementor-icon-list-item\">\n\t\t\t\t\t\t\t\t\t\t\t<span class=\"elementor-icon-list-icon\">\n\t\t\t\t\t\t\t<svg xmlns=\"http:\/\/www.w3.org\/2000\/svg\" id=\"Capa_1\" data-name=\"Capa 1\" viewBox=\"0 0 45.89 18.13\"><path d=\"m40.66,1.4c-1.73,1.55-3.23,2.54-4.49,2.94-1.56.5-2.54.58-4.3.53-1.61-.05-3.14-.31-4.61-.8-1.48-.48-2.89-1.03-4.23-1.63-1.51-.6-2.96-1.15-4.35-1.63C17.28.32,15.78.06,14.17,0c-3.06-.09-5.78.47-8.19,1.68C3.57,2.91,1.58,4.37,0,6.09c.51,1.94,1.19,3.85,2.06,5.72.87,1.88,1.92,3.51,3.17,4.91,1.49-1.48,2.9-2.44,4.24-2.88,1.34-.44,2.81-.64,4.42-.59,1.45.04,2.86.31,4.26.79,1.39.49,2.85,1.03,4.36,1.63,1.43.53,2.94,1.05,4.54,1.58,1.6.53,3.27.82,5.04.87,2.81.08,5.44-.46,7.88-1.63,2.45-1.17,4.42-2.66,5.92-4.46-.5-1.94-1.19-3.84-2.06-5.72-.87-1.87-1.93-3.51-3.17-4.91Z\"><\/path><\/svg>\t\t\t\t\t\t<\/span>\n\t\t\t\t\t\t\t\t\t\t<span class=\"elementor-icon-list-text\">Participation \u00e0 des foires internationales pour promouvoir les cours.<\/span>\n\t\t\t\t\t\t\t\t\t<\/li>\n\t\t\t\t\t\t\t\t<li class=\"elementor-icon-list-item\">\n\t\t\t\t\t\t\t\t\t\t\t<span class=\"elementor-icon-list-icon\">\n\t\t\t\t\t\t\t<svg xmlns=\"http:\/\/www.w3.org\/2000\/svg\" id=\"Capa_1\" data-name=\"Capa 1\" viewBox=\"0 0 45.89 18.13\"><path d=\"m40.66,1.4c-1.73,1.55-3.23,2.54-4.49,2.94-1.56.5-2.54.58-4.3.53-1.61-.05-3.14-.31-4.61-.8-1.48-.48-2.89-1.03-4.23-1.63-1.51-.6-2.96-1.15-4.35-1.63C17.28.32,15.78.06,14.17,0c-3.06-.09-5.78.47-8.19,1.68C3.57,2.91,1.58,4.37,0,6.09c.51,1.94,1.19,3.85,2.06,5.72.87,1.88,1.92,3.51,3.17,4.91,1.49-1.48,2.9-2.44,4.24-2.88,1.34-.44,2.81-.64,4.42-.59,1.45.04,2.86.31,4.26.79,1.39.49,2.85,1.03,4.36,1.63,1.43.53,2.94,1.05,4.54,1.58,1.6.53,3.27.82,5.04.87,2.81.08,5.44-.46,7.88-1.63,2.45-1.17,4.42-2.66,5.92-4.46-.5-1.94-1.19-3.84-2.06-5.72-.87-1.87-1.93-3.51-3.17-4.91Z\"><\/path><\/svg>\t\t\t\t\t\t<\/span>\n\t\t\t\t\t\t\t\t\t\t<span class=\"elementor-icon-list-text\">Publicit\u00e9 sur Google Ads, Facebook et dans des magazines sp\u00e9cialis\u00e9s.<\/span>\n\t\t\t\t\t\t\t\t\t<\/li>\n\t\t\t\t\t\t\t\t<li class=\"elementor-icon-list-item\">\n\t\t\t\t\t\t\t\t\t\t\t<span class=\"elementor-icon-list-icon\">\n\t\t\t\t\t\t\t<svg xmlns=\"http:\/\/www.w3.org\/2000\/svg\" id=\"Capa_1\" data-name=\"Capa 1\" viewBox=\"0 0 45.89 18.13\"><path d=\"m40.66,1.4c-1.73,1.55-3.23,2.54-4.49,2.94-1.56.5-2.54.58-4.3.53-1.61-.05-3.14-.31-4.61-.8-1.48-.48-2.89-1.03-4.23-1.63-1.51-.6-2.96-1.15-4.35-1.63C17.28.32,15.78.06,14.17,0c-3.06-.09-5.78.47-8.19,1.68C3.57,2.91,1.58,4.37,0,6.09c.51,1.94,1.19,3.85,2.06,5.72.87,1.88,1.92,3.51,3.17,4.91,1.49-1.48,2.9-2.44,4.24-2.88,1.34-.44,2.81-.64,4.42-.59,1.45.04,2.86.31,4.26.79,1.39.49,2.85,1.03,4.36,1.63,1.43.53,2.94,1.05,4.54,1.58,1.6.53,3.27.82,5.04.87,2.81.08,5.44-.46,7.88-1.63,2.45-1.17,4.42-2.66,5.92-4.46-.5-1.94-1.19-3.84-2.06-5.72-.87-1.87-1.93-3.51-3.17-4.91Z\"><\/path><\/svg>\t\t\t\t\t\t<\/span>\n\t\t\t\t\t\t\t\t\t\t<span class=\"elementor-icon-list-text\">Mailings adress\u00e9s \u00e0 votre public cible.<\/span>\n\t\t\t\t\t\t\t\t\t<\/li>\n\t\t\t\t\t\t<\/ul>\n\t\t\t\t\t\t<\/div>\n\t\t\t\t<\/div>\n\t\t\t\t<div class=\"elementor-element elementor-element-43726b2 elementor-widget elementor-widget-heading\" data-id=\"43726b2\" data-element_type=\"widget\" data-widget_type=\"heading.default\">\n\t\t\t\t<div class=\"elementor-widget-container\">\n\t\t\t\t\t<h2 class=\"elementor-heading-title elementor-size-default\">Les fonds du FEDER ont contribu\u00e9 \u00e0 couvrir les co\u00fbts suivants :<\/h2>\t\t\t\t<\/div>\n\t\t\t\t<\/div>\n\t\t\t\t<div class=\"elementor-element elementor-element-1474f57 elementor-icon-list--layout-traditional elementor-list-item-link-full_width elementor-widget elementor-widget-icon-list\" data-id=\"1474f57\" data-element_type=\"widget\" data-widget_type=\"icon-list.default\">\n\t\t\t\t<div class=\"elementor-widget-container\">\n\t\t\t\t\t\t\t<ul class=\"elementor-icon-list-items\">\n\t\t\t\t\t\t\t<li class=\"elementor-icon-list-item\">\n\t\t\t\t\t\t\t\t\t\t\t<span class=\"elementor-icon-list-icon\">\n\t\t\t\t\t\t\t<svg xmlns=\"http:\/\/www.w3.org\/2000\/svg\" id=\"Capa_1\" data-name=\"Capa 1\" viewBox=\"0 0 45.89 18.13\"><path d=\"m40.66,1.4c-1.73,1.55-3.23,2.54-4.49,2.94-1.56.5-2.54.58-4.3.53-1.61-.05-3.14-.31-4.61-.8-1.48-.48-2.89-1.03-4.23-1.63-1.51-.6-2.96-1.15-4.35-1.63C17.28.32,15.78.06,14.17,0c-3.06-.09-5.78.47-8.19,1.68C3.57,2.91,1.58,4.37,0,6.09c.51,1.94,1.19,3.85,2.06,5.72.87,1.88,1.92,3.51,3.17,4.91,1.49-1.48,2.9-2.44,4.24-2.88,1.34-.44,2.81-.64,4.42-.59,1.45.04,2.86.31,4.26.79,1.39.49,2.85,1.03,4.36,1.63,1.43.53,2.94,1.05,4.54,1.58,1.6.53,3.27.82,5.04.87,2.81.08,5.44-.46,7.88-1.63,2.45-1.17,4.42-2.66,5.92-4.46-.5-1.94-1.19-3.84-2.06-5.72-.87-1.87-1.93-3.51-3.17-4.91Z\"><\/path><\/svg>\t\t\t\t\t\t<\/span>\n\t\t\t\t\t\t\t\t\t\t<span class=\"elementor-icon-list-text\">Conception d'un plan de marketing international.<\/span>\n\t\t\t\t\t\t\t\t\t<\/li>\n\t\t\t\t\t\t\t\t<li class=\"elementor-icon-list-item\">\n\t\t\t\t\t\t\t\t\t\t\t<span class=\"elementor-icon-list-icon\">\n\t\t\t\t\t\t\t<svg xmlns=\"http:\/\/www.w3.org\/2000\/svg\" id=\"Capa_1\" data-name=\"Capa 1\" viewBox=\"0 0 45.89 18.13\"><path d=\"m40.66,1.4c-1.73,1.55-3.23,2.54-4.49,2.94-1.56.5-2.54.58-4.3.53-1.61-.05-3.14-.31-4.61-.8-1.48-.48-2.89-1.03-4.23-1.63-1.51-.6-2.96-1.15-4.35-1.63C17.28.32,15.78.06,14.17,0c-3.06-.09-5.78.47-8.19,1.68C3.57,2.91,1.58,4.37,0,6.09c.51,1.94,1.19,3.85,2.06,5.72.87,1.88,1.92,3.51,3.17,4.91,1.49-1.48,2.9-2.44,4.24-2.88,1.34-.44,2.81-.64,4.42-.59,1.45.04,2.86.31,4.26.79,1.39.49,2.85,1.03,4.36,1.63,1.43.53,2.94,1.05,4.54,1.58,1.6.53,3.27.82,5.04.87,2.81.08,5.44-.46,7.88-1.63,2.45-1.17,4.42-2.66,5.92-4.46-.5-1.94-1.19-3.84-2.06-5.72-.87-1.87-1.93-3.51-3.17-4.91Z\"><\/path><\/svg>\t\t\t\t\t\t<\/span>\n\t\t\t\t\t\t\t\t\t\t<span class=\"elementor-icon-list-text\">Cr\u00e9ation et adaptation du site web et du mat\u00e9riel promotionnel.<\/span>\n\t\t\t\t\t\t\t\t\t<\/li>\n\t\t\t\t\t\t\t\t<li class=\"elementor-icon-list-item\">\n\t\t\t\t\t\t\t\t\t\t\t<span class=\"elementor-icon-list-icon\">\n\t\t\t\t\t\t\t<svg xmlns=\"http:\/\/www.w3.org\/2000\/svg\" id=\"Capa_1\" data-name=\"Capa 1\" viewBox=\"0 0 45.89 18.13\"><path d=\"m40.66,1.4c-1.73,1.55-3.23,2.54-4.49,2.94-1.56.5-2.54.58-4.3.53-1.61-.05-3.14-.31-4.61-.8-1.48-.48-2.89-1.03-4.23-1.63-1.51-.6-2.96-1.15-4.35-1.63C17.28.32,15.78.06,14.17,0c-3.06-.09-5.78.47-8.19,1.68C3.57,2.91,1.58,4.37,0,6.09c.51,1.94,1.19,3.85,2.06,5.72.87,1.88,1.92,3.51,3.17,4.91,1.49-1.48,2.9-2.44,4.24-2.88,1.34-.44,2.81-.64,4.42-.59,1.45.04,2.86.31,4.26.79,1.39.49,2.85,1.03,4.36,1.63,1.43.53,2.94,1.05,4.54,1.58,1.6.53,3.27.82,5.04.87,2.81.08,5.44-.46,7.88-1.63,2.45-1.17,4.42-2.66,5.92-4.46-.5-1.94-1.19-3.84-2.06-5.72-.87-1.87-1.93-3.51-3.17-4.91Z\"><\/path><\/svg>\t\t\t\t\t\t<\/span>\n\t\t\t\t\t\t\t\t\t\t<span class=\"elementor-icon-list-text\">Frais d'h\u00e9bergement et de voyage dans les pays de l'action de promotion.<\/span>\n\t\t\t\t\t\t\t\t\t<\/li>\n\t\t\t\t\t\t\t\t<li class=\"elementor-icon-list-item\">\n\t\t\t\t\t\t\t\t\t\t\t<span class=\"elementor-icon-list-icon\">\n\t\t\t\t\t\t\t<svg xmlns=\"http:\/\/www.w3.org\/2000\/svg\" id=\"Capa_1\" data-name=\"Capa 1\" viewBox=\"0 0 45.89 18.13\"><path d=\"m40.66,1.4c-1.73,1.55-3.23,2.54-4.49,2.94-1.56.5-2.54.58-4.3.53-1.61-.05-3.14-.31-4.61-.8-1.48-.48-2.89-1.03-4.23-1.63-1.51-.6-2.96-1.15-4.35-1.63C17.28.32,15.78.06,14.17,0c-3.06-.09-5.78.47-8.19,1.68C3.57,2.91,1.58,4.37,0,6.09c.51,1.94,1.19,3.85,2.06,5.72.87,1.88,1.92,3.51,3.17,4.91,1.49-1.48,2.9-2.44,4.24-2.88,1.34-.44,2.81-.64,4.42-.59,1.45.04,2.86.31,4.26.79,1.39.49,2.85,1.03,4.36,1.63,1.43.53,2.94,1.05,4.54,1.58,1.6.53,3.27.82,5.04.87,2.81.08,5.44-.46,7.88-1.63,2.45-1.17,4.42-2.66,5.92-4.46-.5-1.94-1.19-3.84-2.06-5.72-.87-1.87-1.93-3.51-3.17-4.91Z\"><\/path><\/svg>\t\t\t\t\t\t<\/span>\n\t\t\t\t\t\t\t\t\t\t<span class=\"elementor-icon-list-text\">Participation \u00e0 des activit\u00e9s de promotion sur les march\u00e9s \u00e9trangers.<\/span>\n\t\t\t\t\t\t\t\t\t<\/li>\n\t\t\t\t\t\t<\/ul>\n\t\t\t\t\t\t<\/div>\n\t\t\t\t<\/div>\n\t\t\t\t<div class=\"elementor-element elementor-element-483a733 elementor-widget elementor-widget-text-editor\" data-id=\"483a733\" data-element_type=\"widget\" data-widget_type=\"text-editor.default\">\n\t\t\t\t<div class=\"elementor-widget-container\">\n\t\t\t\t\t\t\t\t\t<p>Gr\u00e2ce \u00e0 ces actions, le <strong>Proyecto Espa\u00f1ol <\/strong> continue de progresser dans son objectif de se positionner comme une \u00e9cole leader dans l&#8217;apprentissage de l&#8217;espagnol comme langue \u00e9trang\u00e8re.<\/p>\n\t\t\t\t\t\t\t\t<\/div>\n\t\t\t\t<\/div>\n\t\t\t\t<\/div>\n\t\t\t\t<\/div>\n\t\t\t\t<\/div>\n\t\t","protected":false},"excerpt":{"rendered":"<p>Fonds europ\u00e9en de d\u00e9veloppement r\u00e9gional Fonds europ\u00e9en de d\u00e9veloppement r\u00e9gional (FEDER) Le Fonds europ\u00e9en de d\u00e9veloppement r\u00e9gional (FEDER) est un programme de l&#8217;Union europ\u00e9enne visant \u00e0 r\u00e9duire les in\u00e9galit\u00e9s \u00e9conomiques et sociales entre ses r\u00e9gions et \u00e0 promouvoir le d\u00e9veloppement des entreprises et l&#8217;internationalisation. Le Proyecto Espa\u00f1ol a re\u00e7u une subvention g\u00e9r\u00e9e par l&#8217;IVACE, dans [&hellip;]<\/p>\n","protected":false},"author":1,"featured_media":0,"parent":0,"menu_order":0,"comment_status":"closed","ping_status":"closed","template":"","meta":{"footnotes":""},"class_list":["post-1384","page","type-page","status-publish","hentry"],"_links":{"self":[{"href":"https:\/\/proyectoespanol.com\/fr\/wp-json\/wp\/v2\/pages\/1384","targetHints":{"allow":["GET"]}}],"collection":[{"href":"https:\/\/proyectoespanol.com\/fr\/wp-json\/wp\/v2\/pages"}],"about":[{"href":"https:\/\/proyectoespanol.com\/fr\/wp-json\/wp\/v2\/types\/page"}],"author":[{"embeddable":true,"href":"https:\/\/proyectoespanol.com\/fr\/wp-json\/wp\/v2\/users\/1"}],"replies":[{"embeddable":true,"href":"https:\/\/proyectoespanol.com\/fr\/wp-json\/wp\/v2\/comments?post=1384"}],"version-history":[{"count":3,"href":"https:\/\/proyectoespanol.com\/fr\/wp-json\/wp\/v2\/pages\/1384\/revisions"}],"predecessor-version":[{"id":2701,"href":"https:\/\/proyectoespanol.com\/fr\/wp-json\/wp\/v2\/pages\/1384\/revisions\/2701"}],"wp:attachment":[{"href":"https:\/\/proyectoespanol.com\/fr\/wp-json\/wp\/v2\/media?parent=1384"}],"curies":[{"name":"wp","href":"https:\/\/api.w.org\/{rel}","templated":true}]}}