{"id":2704,"date":"2026-03-30T12:19:20","date_gmt":"2026-03-30T10:19:20","guid":{"rendered":"https:\/\/proyectoespanol.com\/?page_id=2704"},"modified":"2026-03-30T12:33:54","modified_gmt":"2026-03-30T10:33:54","slug":"tourisme-2","status":"publish","type":"page","link":"https:\/\/proyectoespanol.com\/fr\/tourisme-2\/","title":{"rendered":"Tourisme"},"content":{"rendered":"\t\t<div data-elementor-type=\"wp-page\" data-elementor-id=\"2704\" class=\"elementor elementor-2704 elementor-2702\" data-elementor-post-type=\"page\">\n\t\t\t\t<div class=\"elementor-element elementor-element-4e4ddfe e-con-full e-flex e-con e-parent\" data-id=\"4e4ddfe\" data-element_type=\"container\" data-settings=\"{&quot;background_background&quot;:&quot;classic&quot;,&quot;jet_parallax_layout_list&quot;:[]}\">\n\t\t\t\t<div class=\"elementor-element elementor-element-8923d64 elementor-widget elementor-widget-heading\" data-id=\"8923d64\" data-element_type=\"widget\" data-widget_type=\"heading.default\">\n\t\t\t\t<div class=\"elementor-widget-container\">\n\t\t\t\t\t<h1 class=\"elementor-heading-title elementor-size-default\">IVACE<\/h1>\t\t\t\t<\/div>\n\t\t\t\t<\/div>\n\t\t\t\t<\/div>\n\t\t<div class=\"elementor-element elementor-element-1fd73df e-flex e-con-boxed e-con e-parent\" data-id=\"1fd73df\" data-element_type=\"container\" data-settings=\"{&quot;jet_parallax_layout_list&quot;:[]}\">\n\t\t\t\t\t<div class=\"e-con-inner\">\n\t\t\t\t<div class=\"elementor-element elementor-element-3dd8319 elementor-widget elementor-widget-text-editor\" data-id=\"3dd8319\" data-element_type=\"widget\" data-widget_type=\"text-editor.default\">\n\t\t\t\t<div class=\"elementor-widget-container\">\n\t\t\t\t\t\t\t\t\t<div class=\"col-md-11\"><p data-start=\"849\" data-end=\"1242\">Proyecto Espa\u00f1ol est une \u00e9cole d\u2019espagnol pour \u00e9trangers. Ainsi, la promotion d\u2019Alicante en tant que destination id\u00e9ale pour le tourisme linguistique est essentielle afin d\u2019encourager nos clients\/\u00e9tudiants \u00e0 acheter nos services depuis leurs pays d\u2019origine. Pour cela, l\u2019utilisation efficace des outils de marketing est d\u2019une importance capitale afin de faire conna\u00eetre notre entreprise\/\u00e9cole.<\/p><p data-start=\"1244\" data-end=\"1437\">En 2025, nous avons b\u00e9n\u00e9fici\u00e9 du soutien de l\u2019IVACE pour notre projet \u00ab Strat\u00e9gie digitale pour l\u2019internationalisation et la d\u00e9saisonnalisation de PROYECTO ESPA\u00d1OL Alicante 2025 \u00bb, comprenant :<\/p><ul><li>Le positionnement web (SEO)<\/li><li>L\u2019optimisation des campagnes Meta et Adwords<\/li><li>L\u2019optimisation de la g\u00e9n\u00e9ration et de la gestion des leads<\/li><\/ul><p data-start=\"1584\" data-end=\"1625\">\u00a0<\/p><p data-start=\"1584\" data-end=\"1625\"><strong data-start=\"1584\" data-end=\"1625\">Description des co\u00fbts subventionn\u00e9s :<\/strong><\/p><ul data-start=\"1627\" data-end=\"1652\"><li data-section-id=\"ixeir9\" data-start=\"1627\" data-end=\"1652\">Conseil (consultor\u00eda)<\/li><\/ul><ul><li style=\"list-style-type: none;\">\u00a0<\/li><\/ul><\/div>\t\t\t\t\t\t\t\t<\/div>\n\t\t\t\t<\/div>\n\t\t\t\t\t<\/div>\n\t\t\t\t<\/div>\n\t\t<div class=\"elementor-element elementor-element-e9ec49c e-grid e-con-boxed e-con e-parent\" data-id=\"e9ec49c\" data-element_type=\"container\" data-settings=\"{&quot;jet_parallax_layout_list&quot;:[]}\">\n\t\t\t\t\t<div class=\"e-con-inner\">\n\t\t<div class=\"elementor-element elementor-element-d7ad4d6 e-con-full e-flex e-con e-child\" data-id=\"d7ad4d6\" data-element_type=\"container\" data-settings=\"{&quot;background_background&quot;:&quot;classic&quot;,&quot;jet_parallax_layout_list&quot;:[]}\">\n\t\t<div class=\"elementor-element elementor-element-1908533 e-con-full e-flex e-con e-child\" data-id=\"1908533\" data-element_type=\"container\" data-settings=\"{&quot;jet_parallax_layout_list&quot;:[]}\">\n\t\t\t\t<div class=\"elementor-element elementor-element-ae5a495 elementor-widget elementor-widget-image\" data-id=\"ae5a495\" data-element_type=\"widget\" data-widget_type=\"image.default\">\n\t\t\t\t<div class=\"elementor-widget-container\">\n\t\t\t\t\t\t\t\t\t\t\t\t\t\t\t<img decoding=\"async\" src=\"https:\/\/proyectoespanol.com\/wp-content\/uploads\/elementor\/thumbs\/granada-qvolrbn9capgrfi0mpdcj6inkdz52r8oy1rvb028j0.webp\" title=\"Cours d&#8217;espagnol \u00e0 Granada\" alt=\"Cours d&#039;espagnol \u00e0 Granada\" loading=\"lazy\" \/>\t\t\t\t\t\t\t\t\t\t\t\t\t\t\t<\/div>\n\t\t\t\t<\/div>\n\t\t\t\t<div class=\"elementor-element elementor-element-b740b27 elementor-widget elementor-widget-image\" data-id=\"b740b27\" data-element_type=\"widget\" data-widget_type=\"image.default\">\n\t\t\t\t<div class=\"elementor-widget-container\">\n\t\t\t\t\t\t\t\t\t\t\t\t\t\t\t<img fetchpriority=\"high\" decoding=\"async\" width=\"3105\" height=\"1350\" src=\"https:\/\/proyectoespanol.com\/wp-content\/uploads\/Proyecto-Granada-e1729514703457.png\" class=\"attachment-full size-full wp-image-639\" alt=\"Proyecto Espa\u00f1ol in Granada\" \/>\t\t\t\t\t\t\t\t\t\t\t\t\t\t\t<\/div>\n\t\t\t\t<\/div>\n\t\t\t\t<\/div>\n\t\t<div class=\"elementor-element elementor-element-de0e47f e-con-full e-flex e-con e-child\" data-id=\"de0e47f\" data-element_type=\"container\" data-settings=\"{&quot;jet_parallax_layout_list&quot;:[]}\">\n\t\t\t\t<div class=\"elementor-element elementor-element-e14e8a2 elementor-align-justify elementor-widget elementor-widget-button\" data-id=\"e14e8a2\" data-element_type=\"widget\" data-widget_type=\"button.default\">\n\t\t\t\t<div class=\"elementor-widget-container\">\n\t\t\t\t\t\t\t\t\t<div class=\"elementor-button-wrapper\">\n\t\t\t\t\t<a class=\"elementor-button elementor-button-link elementor-size-sm\" href=\"https:\/\/proyectoespanol.com\/fr\/cours-despagnol-a-granada\/\">\n\t\t\t\t\t\t<span class=\"elementor-button-content-wrapper\">\n\t\t\t\t\t\t<span class=\"elementor-button-icon\">\n\t\t\t\t<svg aria-hidden=\"true\" class=\"e-font-icon-svg e-fas-arrow-right\" viewBox=\"0 0 448 512\" xmlns=\"http:\/\/www.w3.org\/2000\/svg\"><path d=\"M190.5 66.9l22.2-22.2c9.4-9.4 24.6-9.4 33.9 0L441 239c9.4 9.4 9.4 24.6 0 33.9L246.6 467.3c-9.4 9.4-24.6 9.4-33.9 0l-22.2-22.2c-9.5-9.5-9.3-25 .4-34.3L311.4 296H24c-13.3 0-24-10.7-24-24v-32c0-13.3 10.7-24 24-24h287.4L190.9 101.2c-9.8-9.3-10-24.8-.4-34.3z\"><\/path><\/svg>\t\t\t<\/span>\n\t\t\t\t\t\t\t\t\t<span class=\"elementor-button-text\">Cours \u00e0 GRANADA<\/span>\n\t\t\t\t\t<\/span>\n\t\t\t\t\t<\/a>\n\t\t\t\t<\/div>\n\t\t\t\t\t\t\t\t<\/div>\n\t\t\t\t<\/div>\n\t\t\t\t<\/div>\n\t\t\t\t<\/div>\n\t\t<div class=\"elementor-element elementor-element-ca7f111 e-con-full e-flex e-con e-child\" data-id=\"ca7f111\" data-element_type=\"container\" data-settings=\"{&quot;background_background&quot;:&quot;classic&quot;,&quot;jet_parallax_layout_list&quot;:[]}\">\n\t\t<div class=\"elementor-element elementor-element-f93043a e-con-full e-flex e-con e-child\" data-id=\"f93043a\" data-element_type=\"container\" data-settings=\"{&quot;jet_parallax_layout_list&quot;:[]}\">\n\t\t\t\t<div class=\"elementor-element elementor-element-a59305a elementor-widget elementor-widget-image\" data-id=\"a59305a\" data-element_type=\"widget\" data-widget_type=\"image.default\">\n\t\t\t\t<div class=\"elementor-widget-container\">\n\t\t\t\t\t\t\t\t\t\t\t\t\t\t\t<img decoding=\"async\" src=\"https:\/\/proyectoespanol.com\/wp-content\/uploads\/elementor\/thumbs\/barcelona-qvom9isrntmbjn2dd2kbb36xly9z3shls4hasv2u24.webp\" title=\"\u00c9cole \u00e0 Barcelone Proyecto Espa\u00f1ol\" alt=\"\u00c9cole \u00e0 Barcelone Proyecto Espa\u00f1ol\" loading=\"lazy\" \/>\t\t\t\t\t\t\t\t\t\t\t\t\t\t\t<\/div>\n\t\t\t\t<\/div>\n\t\t\t\t<div class=\"elementor-element elementor-element-d5e9792 elementor-widget elementor-widget-image\" data-id=\"d5e9792\" data-element_type=\"widget\" data-widget_type=\"image.default\">\n\t\t\t\t<div class=\"elementor-widget-container\">\n\t\t\t\t\t\t\t\t\t\t\t\t\t\t\t<img decoding=\"async\" width=\"3308\" height=\"1350\" src=\"https:\/\/proyectoespanol.com\/wp-content\/uploads\/Proyecto-Barcelona.png\" class=\"attachment-full size-full wp-image-637\" alt=\"Proyecto Espa\u00f1ol in Barcelona\" srcset=\"https:\/\/proyectoespanol.com\/wp-content\/uploads\/Proyecto-Barcelona.png 3308w, https:\/\/proyectoespanol.com\/wp-content\/uploads\/Proyecto-Barcelona-300x122.png 300w, https:\/\/proyectoespanol.com\/wp-content\/uploads\/Proyecto-Barcelona-1024x418.png 1024w, https:\/\/proyectoespanol.com\/wp-content\/uploads\/Proyecto-Barcelona-768x313.png 768w, https:\/\/proyectoespanol.com\/wp-content\/uploads\/Proyecto-Barcelona-1536x627.png 1536w, https:\/\/proyectoespanol.com\/wp-content\/uploads\/Proyecto-Barcelona-2048x836.png 2048w\" sizes=\"(max-width: 3308px) 100vw, 3308px\" \/>\t\t\t\t\t\t\t\t\t\t\t\t\t\t\t<\/div>\n\t\t\t\t<\/div>\n\t\t\t\t<\/div>\n\t\t<div class=\"elementor-element elementor-element-06beb54 e-con-full e-flex e-con e-child\" data-id=\"06beb54\" data-element_type=\"container\" data-settings=\"{&quot;jet_parallax_layout_list&quot;:[]}\">\n\t\t\t\t<div class=\"elementor-element elementor-element-9f12d49 elementor-align-justify elementor-widget elementor-widget-button\" data-id=\"9f12d49\" data-element_type=\"widget\" data-widget_type=\"button.default\">\n\t\t\t\t<div class=\"elementor-widget-container\">\n\t\t\t\t\t\t\t\t\t<div class=\"elementor-button-wrapper\">\n\t\t\t\t\t<a class=\"elementor-button elementor-button-link elementor-size-sm\" href=\"https:\/\/proyectoespanol.com\/fr\/cours-despagnol-a-barcelone\/\">\n\t\t\t\t\t\t<span class=\"elementor-button-content-wrapper\">\n\t\t\t\t\t\t<span class=\"elementor-button-icon\">\n\t\t\t\t<svg aria-hidden=\"true\" class=\"e-font-icon-svg e-fas-arrow-right\" viewBox=\"0 0 448 512\" xmlns=\"http:\/\/www.w3.org\/2000\/svg\"><path d=\"M190.5 66.9l22.2-22.2c9.4-9.4 24.6-9.4 33.9 0L441 239c9.4 9.4 9.4 24.6 0 33.9L246.6 467.3c-9.4 9.4-24.6 9.4-33.9 0l-22.2-22.2c-9.5-9.5-9.3-25 .4-34.3L311.4 296H24c-13.3 0-24-10.7-24-24v-32c0-13.3 10.7-24 24-24h287.4L190.9 101.2c-9.8-9.3-10-24.8-.4-34.3z\"><\/path><\/svg>\t\t\t<\/span>\n\t\t\t\t\t\t\t\t\t<span class=\"elementor-button-text\">Cours \u00e0 BARCELONE<\/span>\n\t\t\t\t\t<\/span>\n\t\t\t\t\t<\/a>\n\t\t\t\t<\/div>\n\t\t\t\t\t\t\t\t<\/div>\n\t\t\t\t<\/div>\n\t\t\t\t<\/div>\n\t\t\t\t<\/div>\n\t\t<div class=\"elementor-element elementor-element-3428942 e-con-full e-flex e-con e-child\" data-id=\"3428942\" data-element_type=\"container\" data-settings=\"{&quot;background_background&quot;:&quot;classic&quot;,&quot;jet_parallax_layout_list&quot;:[]}\">\n\t\t<div class=\"elementor-element elementor-element-dd33303 e-con-full e-flex e-con e-child\" data-id=\"dd33303\" data-element_type=\"container\" data-settings=\"{&quot;jet_parallax_layout_list&quot;:[]}\">\n\t\t\t\t<div class=\"elementor-element elementor-element-99536df elementor-widget elementor-widget-image\" data-id=\"99536df\" data-element_type=\"widget\" data-widget_type=\"image.default\">\n\t\t\t\t<div class=\"elementor-widget-container\">\n\t\t\t\t\t\t\t\t\t\t\t\t\t\t\t<img decoding=\"async\" src=\"https:\/\/proyectoespanol.com\/wp-content\/uploads\/elementor\/thumbs\/madrid-qvomiud5fodoofixxlm4j8ihoic0fqhs29dn4n9acs.webp\" title=\"madrid\" alt=\"aprender espa\u00f1ol en madrid\" loading=\"lazy\" \/>\t\t\t\t\t\t\t\t\t\t\t\t\t\t\t<\/div>\n\t\t\t\t<\/div>\n\t\t\t\t<div class=\"elementor-element elementor-element-d3713ff elementor-widget elementor-widget-image\" data-id=\"d3713ff\" data-element_type=\"widget\" data-widget_type=\"image.default\">\n\t\t\t\t<div class=\"elementor-widget-container\">\n\t\t\t\t\t\t\t\t\t\t\t\t\t\t\t<img decoding=\"async\" width=\"3308\" height=\"1350\" src=\"https:\/\/proyectoespanol.com\/wp-content\/uploads\/Proyecto-Madrid-e1729514454420.png\" class=\"attachment-full size-full wp-image-2545\" alt=\"Proyecto Espa\u00f1ol en Madrid\" srcset=\"https:\/\/proyectoespanol.com\/wp-content\/uploads\/Proyecto-Madrid-e1729514454420.png 3308w, https:\/\/proyectoespanol.com\/wp-content\/uploads\/Proyecto-Madrid-e1729514454420-300x122.png 300w, https:\/\/proyectoespanol.com\/wp-content\/uploads\/Proyecto-Madrid-e1729514454420-1024x418.png 1024w, https:\/\/proyectoespanol.com\/wp-content\/uploads\/Proyecto-Madrid-e1729514454420-768x313.png 768w, https:\/\/proyectoespanol.com\/wp-content\/uploads\/Proyecto-Madrid-e1729514454420-1536x627.png 1536w, https:\/\/proyectoespanol.com\/wp-content\/uploads\/Proyecto-Madrid-e1729514454420-2048x836.png 2048w\" sizes=\"(max-width: 3308px) 100vw, 3308px\" \/>\t\t\t\t\t\t\t\t\t\t\t\t\t\t\t<\/div>\n\t\t\t\t<\/div>\n\t\t\t\t<\/div>\n\t\t<div class=\"elementor-element elementor-element-355968c e-con-full e-flex e-con e-child\" data-id=\"355968c\" data-element_type=\"container\" data-settings=\"{&quot;jet_parallax_layout_list&quot;:[]}\">\n\t\t\t\t<div class=\"elementor-element elementor-element-613e7a6 elementor-align-justify elementor-widget elementor-widget-button\" data-id=\"613e7a6\" data-element_type=\"widget\" data-widget_type=\"button.default\">\n\t\t\t\t<div class=\"elementor-widget-container\">\n\t\t\t\t\t\t\t\t\t<div class=\"elementor-button-wrapper\">\n\t\t\t\t\t<a class=\"elementor-button elementor-button-link elementor-size-sm\" href=\"https:\/\/proyectoespanol.com\/fr\/cours-despagnol-a-madrid\/\">\n\t\t\t\t\t\t<span class=\"elementor-button-content-wrapper\">\n\t\t\t\t\t\t<span class=\"elementor-button-icon\">\n\t\t\t\t<svg aria-hidden=\"true\" class=\"e-font-icon-svg e-fas-arrow-right\" viewBox=\"0 0 448 512\" xmlns=\"http:\/\/www.w3.org\/2000\/svg\"><path d=\"M190.5 66.9l22.2-22.2c9.4-9.4 24.6-9.4 33.9 0L441 239c9.4 9.4 9.4 24.6 0 33.9L246.6 467.3c-9.4 9.4-24.6 9.4-33.9 0l-22.2-22.2c-9.5-9.5-9.3-25 .4-34.3L311.4 296H24c-13.3 0-24-10.7-24-24v-32c0-13.3 10.7-24 24-24h287.4L190.9 101.2c-9.8-9.3-10-24.8-.4-34.3z\"><\/path><\/svg>\t\t\t<\/span>\n\t\t\t\t\t\t\t\t\t<span class=\"elementor-button-text\">Cours \u00e0 MADRID<\/span>\n\t\t\t\t\t<\/span>\n\t\t\t\t\t<\/a>\n\t\t\t\t<\/div>\n\t\t\t\t\t\t\t\t<\/div>\n\t\t\t\t<\/div>\n\t\t\t\t<\/div>\n\t\t\t\t<\/div>\n\t\t<div class=\"elementor-element elementor-element-1be1478 e-con-full e-flex e-con e-child\" data-id=\"1be1478\" data-element_type=\"container\" data-settings=\"{&quot;background_background&quot;:&quot;classic&quot;,&quot;jet_parallax_layout_list&quot;:[]}\">\n\t\t<div class=\"elementor-element elementor-element-ada99bf e-con-full e-flex e-con e-child\" data-id=\"ada99bf\" data-element_type=\"container\" data-settings=\"{&quot;jet_parallax_layout_list&quot;:[]}\">\n\t\t\t\t<div class=\"elementor-element elementor-element-d2e978b elementor-widget elementor-widget-image\" data-id=\"d2e978b\" data-element_type=\"widget\" data-widget_type=\"image.default\">\n\t\t\t\t<div class=\"elementor-widget-container\">\n\t\t\t\t\t\t\t\t\t\t\t\t\t\t\t<img decoding=\"async\" src=\"https:\/\/proyectoespanol.com\/wp-content\/uploads\/elementor\/thumbs\/63780905_l_normal_none-1-qvmzywgww0rm5nfftxioco1zby3xjp418x2homq27g.webp\" title=\"Apprenez l&#8217;espagnol gr\u00e2ce \u00e0 des programmes collectifs sur mesure et une immersion culturelle\" alt=\"Apprenez l&#039;espagnol gr\u00e2ce \u00e0 des programmes collectifs sur mesure et une immersion culturelle\" loading=\"lazy\" \/>\t\t\t\t\t\t\t\t\t\t\t\t\t\t\t<\/div>\n\t\t\t\t<\/div>\n\t\t\t\t<div class=\"elementor-element elementor-element-29b9bb1 elementor-widget elementor-widget-image\" data-id=\"29b9bb1\" data-element_type=\"widget\" data-widget_type=\"image.default\">\n\t\t\t\t<div class=\"elementor-widget-container\">\n\t\t\t\t\t\t\t\t\t\t\t\t\t\t\t<img loading=\"lazy\" decoding=\"async\" width=\"3105\" height=\"1350\" src=\"https:\/\/proyectoespanol.com\/wp-content\/uploads\/Proyecto-Alicante-e1729514593504.png\" class=\"attachment-full size-full wp-image-635\" alt=\"Proyecto Espa\u00f1ol in Alicante\" \/>\t\t\t\t\t\t\t\t\t\t\t\t\t\t\t<\/div>\n\t\t\t\t<\/div>\n\t\t\t\t<\/div>\n\t\t<div class=\"elementor-element elementor-element-fcdc06b e-con-full e-flex e-con e-child\" data-id=\"fcdc06b\" data-element_type=\"container\" data-settings=\"{&quot;jet_parallax_layout_list&quot;:[]}\">\n\t\t\t\t<div class=\"elementor-element elementor-element-418928e elementor-align-justify elementor-widget elementor-widget-button\" data-id=\"418928e\" data-element_type=\"widget\" data-widget_type=\"button.default\">\n\t\t\t\t<div class=\"elementor-widget-container\">\n\t\t\t\t\t\t\t\t\t<div class=\"elementor-button-wrapper\">\n\t\t\t\t\t<a class=\"elementor-button elementor-button-link elementor-size-sm\" href=\"https:\/\/proyectoespanol.com\/fr\/cours-despagnol-a-alicante\/\">\n\t\t\t\t\t\t<span class=\"elementor-button-content-wrapper\">\n\t\t\t\t\t\t<span class=\"elementor-button-icon\">\n\t\t\t\t<svg aria-hidden=\"true\" class=\"e-font-icon-svg e-fas-arrow-right\" viewBox=\"0 0 448 512\" xmlns=\"http:\/\/www.w3.org\/2000\/svg\"><path d=\"M190.5 66.9l22.2-22.2c9.4-9.4 24.6-9.4 33.9 0L441 239c9.4 9.4 9.4 24.6 0 33.9L246.6 467.3c-9.4 9.4-24.6 9.4-33.9 0l-22.2-22.2c-9.5-9.5-9.3-25 .4-34.3L311.4 296H24c-13.3 0-24-10.7-24-24v-32c0-13.3 10.7-24 24-24h287.4L190.9 101.2c-9.8-9.3-10-24.8-.4-34.3z\"><\/path><\/svg>\t\t\t<\/span>\n\t\t\t\t\t\t\t\t\t<span class=\"elementor-button-text\">Cours \u00e0 ALICANTE<\/span>\n\t\t\t\t\t<\/span>\n\t\t\t\t\t<\/a>\n\t\t\t\t<\/div>\n\t\t\t\t\t\t\t\t<\/div>\n\t\t\t\t<\/div>\n\t\t\t\t<\/div>\n\t\t\t\t<\/div>\n\t\t\t\t\t<\/div>\n\t\t\t\t<\/div>\n\t\t\t\t<\/div>\n\t\t","protected":false},"excerpt":{"rendered":"<p>IVACE Proyecto Espa\u00f1ol est une \u00e9cole d\u2019espagnol pour \u00e9trangers. Ainsi, la promotion d\u2019Alicante en tant que destination id\u00e9ale pour le tourisme linguistique est essentielle afin d\u2019encourager nos clients\/\u00e9tudiants \u00e0 acheter nos services depuis leurs pays d\u2019origine. Pour cela, l\u2019utilisation efficace des outils de marketing est d\u2019une importance capitale afin de faire conna\u00eetre notre entreprise\/\u00e9cole. En [&hellip;]<\/p>\n","protected":false},"author":2,"featured_media":0,"parent":0,"menu_order":0,"comment_status":"closed","ping_status":"closed","template":"","meta":{"footnotes":""},"class_list":["post-2704","page","type-page","status-publish","hentry"],"_links":{"self":[{"href":"https:\/\/proyectoespanol.com\/fr\/wp-json\/wp\/v2\/pages\/2704","targetHints":{"allow":["GET"]}}],"collection":[{"href":"https:\/\/proyectoespanol.com\/fr\/wp-json\/wp\/v2\/pages"}],"about":[{"href":"https:\/\/proyectoespanol.com\/fr\/wp-json\/wp\/v2\/types\/page"}],"author":[{"embeddable":true,"href":"https:\/\/proyectoespanol.com\/fr\/wp-json\/wp\/v2\/users\/2"}],"replies":[{"embeddable":true,"href":"https:\/\/proyectoespanol.com\/fr\/wp-json\/wp\/v2\/comments?post=2704"}],"version-history":[{"count":5,"href":"https:\/\/proyectoespanol.com\/fr\/wp-json\/wp\/v2\/pages\/2704\/revisions"}],"predecessor-version":[{"id":2730,"href":"https:\/\/proyectoespanol.com\/fr\/wp-json\/wp\/v2\/pages\/2704\/revisions\/2730"}],"wp:attachment":[{"href":"https:\/\/proyectoespanol.com\/fr\/wp-json\/wp\/v2\/media?parent=2704"}],"curies":[{"name":"wp","href":"https:\/\/api.w.org\/{rel}","templated":true}]}}