{"id":942,"date":"2024-10-21T15:08:56","date_gmt":"2024-10-21T13:08:56","guid":{"rendered":"https:\/\/proyectoespanol.com\/assurance-voyage\/"},"modified":"2024-12-05T14:50:37","modified_gmt":"2024-12-05T13:50:37","slug":"assurance-voyage","status":"publish","type":"page","link":"https:\/\/proyectoespanol.com\/fr\/assurance-voyage\/","title":{"rendered":"Assurance voyage"},"content":{"rendered":"\t\t<div data-elementor-type=\"wp-page\" data-elementor-id=\"942\" class=\"elementor elementor-942 elementor-693\" data-elementor-post-type=\"page\">\n\t\t\t\t<div class=\"elementor-element elementor-element-4e4ddfe e-con-full e-flex e-con e-parent\" data-id=\"4e4ddfe\" data-element_type=\"container\" data-settings=\"{&quot;background_background&quot;:&quot;classic&quot;,&quot;jet_parallax_layout_list&quot;:[]}\">\n\t\t\t\t<div class=\"elementor-element elementor-element-8923d64 elementor-widget elementor-widget-heading\" data-id=\"8923d64\" data-element_type=\"widget\" data-widget_type=\"heading.default\">\n\t\t\t\t<div class=\"elementor-widget-container\">\n\t\t\t\t\t<h1 class=\"elementor-heading-title elementor-size-default\">Assurance voyage<\/h1>\t\t\t\t<\/div>\n\t\t\t\t<\/div>\n\t\t\t\t<\/div>\n\t\t<div class=\"elementor-element elementor-element-5827087 e-grid e-con-boxed e-con e-parent\" data-id=\"5827087\" data-element_type=\"container\" data-settings=\"{&quot;jet_parallax_layout_list&quot;:[]}\">\n\t\t\t\t\t<div class=\"e-con-inner\">\n\t\t<div class=\"elementor-element elementor-element-e9d7df8 e-con-full e-flex e-con e-child\" data-id=\"e9d7df8\" data-element_type=\"container\" data-settings=\"{&quot;jet_parallax_layout_list&quot;:[]}\">\n\t\t\t\t<div class=\"elementor-element elementor-element-44d9527 elementor-widget elementor-widget-heading\" data-id=\"44d9527\" data-element_type=\"widget\" data-widget_type=\"heading.default\">\n\t\t\t\t<div class=\"elementor-widget-container\">\n\t\t\t\t\t<h2 class=\"elementor-heading-title elementor-size-default\">Assurance m\u00e9dicale pour votre s\u00e9jour en Espagne<\/h2>\t\t\t\t<\/div>\n\t\t\t\t<\/div>\n\t\t\t\t<div class=\"elementor-element elementor-element-032fdb9 elementor-widget elementor-widget-text-editor\" data-id=\"032fdb9\" data-element_type=\"widget\" data-widget_type=\"text-editor.default\">\n\t\t\t\t<div class=\"elementor-widget-container\">\n\t\t\t\t\t\t\t\t\t<p>Il est essentiel que vous disposiez d&#8217;une <strong>assurance m\u00e9dicale valide<\/strong> pendant votre s\u00e9jour en Espagne pour garantir votre bien-\u00eatre.<\/p>\n<ul>\n<li>\n<p><strong>Si vous r\u00e9sidez dans l&#8217;Union europ\u00e9enne :<\/strong> vous pouvez utiliser la <strong>carte europ\u00e9enne d&#8217;assurance<\/strong> maladie pour \u00e9tendre votre couverture m\u00e9dicale en Espagne. Si vous avez une assurance maladie priv\u00e9e, v\u00e9rifiez aupr\u00e8s de votre compagnie d&#8217;assurance si elle vous couvre \u00e0 l&#8217;\u00e9tranger ou si vous pouvez l&#8217;\u00e9tendre. <\/p>\n<\/li>\n<li>\n<p><strong>Si vous n&#8217;\u00eates pas r\u00e9sident de l&#8217;UE :<\/strong> vous devez souscrire une <strong>assurance m\u00e9dicale priv\u00e9e<\/strong> pour couvrir toute \u00e9ventualit\u00e9 pendant votre s\u00e9jour en Espagne.<\/p>\n<\/li>\n<\/ul>\n\t\t\t\t\t\t\t\t<\/div>\n\t\t\t\t<\/div>\n\t\t\t\t<\/div>\n\t\t<div class=\"elementor-element elementor-element-20edee8 e-con-full e-flex e-con e-child\" data-id=\"20edee8\" data-element_type=\"container\" data-settings=\"{&quot;background_background&quot;:&quot;classic&quot;,&quot;jet_parallax_layout_list&quot;:[]}\">\n\t\t\t\t<div class=\"elementor-element elementor-element-80058bb elementor-widget elementor-widget-spacer\" data-id=\"80058bb\" data-element_type=\"widget\" data-widget_type=\"spacer.default\">\n\t\t\t\t<div class=\"elementor-widget-container\">\n\t\t\t\t\t\t\t<div class=\"elementor-spacer\">\n\t\t\t<div class=\"elementor-spacer-inner\"><\/div>\n\t\t<\/div>\n\t\t\t\t\t\t<\/div>\n\t\t\t\t<\/div>\n\t\t\t\t<\/div>\n\t\t\t\t\t<\/div>\n\t\t\t\t<\/div>\n\t\t<div class=\"elementor-element elementor-element-aa8f215 e-con-full e-flex e-con e-parent\" data-id=\"aa8f215\" data-element_type=\"container\" data-settings=\"{&quot;jet_parallax_layout_list&quot;:[]}\">\n\t\t<div class=\"elementor-element elementor-element-81dd11c e-con-full e-flex e-con e-child\" data-id=\"81dd11c\" data-element_type=\"container\" data-settings=\"{&quot;background_background&quot;:&quot;classic&quot;,&quot;jet_parallax_layout_list&quot;:[]}\">\n\t\t\t\t<\/div>\n\t\t<div class=\"elementor-element elementor-element-47ab924 e-con-full e-flex e-con e-child\" data-id=\"47ab924\" data-element_type=\"container\" data-settings=\"{&quot;background_background&quot;:&quot;classic&quot;,&quot;jet_parallax_layout_list&quot;:[]}\">\n\t\t\t\t<div class=\"elementor-element elementor-element-0d9258f elementor-widget elementor-widget-heading\" data-id=\"0d9258f\" data-element_type=\"widget\" data-widget_type=\"heading.default\">\n\t\t\t\t<div class=\"elementor-widget-container\">\n\t\t\t\t\t<h2 class=\"elementor-heading-title elementor-size-default\">Quelle est la diff\u00e9rence entre l'assurance maladie et l'assurance voyage ?<\/h2>\t\t\t\t<\/div>\n\t\t\t\t<\/div>\n\t\t\t\t<div class=\"elementor-element elementor-element-9fa3a39 elementor-widget elementor-widget-text-editor\" data-id=\"9fa3a39\" data-element_type=\"widget\" data-widget_type=\"text-editor.default\">\n\t\t\t\t<div class=\"elementor-widget-container\">\n\t\t\t\t\t\t\t\t\t<p>Il est important de conna\u00eetre les diff\u00e9rences entre ces deux assurances :<\/p>\n<ul>\n<li>\n<p><strong>Assurance voyage :<\/strong> con\u00e7ue pour les voyages de courte dur\u00e9e (moins de 3 mois). Elle couvre les annulations, la perte de bagages et les urgences m\u00e9dicales. <\/p>\n<\/li>\n<li>\n<p><strong>Assurance m\u00e9dicale : <\/strong> con\u00e7ue pour les longs s\u00e9jours. Elle offre une couverture plus compl\u00e8te, incluant la m\u00e9decine primaire, les tests de diagnostic, l&#8217;hospitalisation et les interventions chirurgicales. <\/p>\n<\/li>\n<\/ul>\n\t\t\t\t\t\t\t\t<\/div>\n\t\t\t\t<\/div>\n\t\t\t\t<\/div>\n\t\t\t\t<\/div>\n\t\t<div class=\"elementor-element elementor-element-2639dc5 e-con-full e-flex e-con e-parent\" data-id=\"2639dc5\" data-element_type=\"container\" data-settings=\"{&quot;jet_parallax_layout_list&quot;:[]}\">\n\t\t<div class=\"elementor-element elementor-element-17d43ea e-con-full e-flex e-con e-child\" data-id=\"17d43ea\" data-element_type=\"container\" data-settings=\"{&quot;background_background&quot;:&quot;classic&quot;,&quot;jet_parallax_layout_list&quot;:[]}\">\n\t\t\t\t<div class=\"elementor-element elementor-element-2639355 elementor-widget elementor-widget-heading\" data-id=\"2639355\" data-element_type=\"widget\" data-widget_type=\"heading.default\">\n\t\t\t\t<div class=\"elementor-widget-container\">\n\t\t\t\t\t<h2 class=\"elementor-heading-title elementor-size-default\">Notre recommandation<\/h2>\t\t\t\t<\/div>\n\t\t\t\t<\/div>\n\t\t\t\t<div class=\"elementor-element elementor-element-c605cfd elementor-widget elementor-widget-text-editor\" data-id=\"c605cfd\" data-element_type=\"widget\" data-widget_type=\"text-editor.default\">\n\t\t\t\t<div class=\"elementor-widget-container\">\n\t\t\t\t\t\t\t\t\t<p>Nous recommandons <strong>l&#8217;assurance sant\u00e9 internationale Sanitas<\/strong> pour les \u00e9tudiants, con\u00e7ue pour les \u00e9tudiants \u00e2g\u00e9s de 18 \u00e0 35 ans. Elle offre une couverture compl\u00e8te d\u00e8s le premier jour, y compris les soins primaires, les sp\u00e9cialistes, l&#8217;hospitalisation et les tests de diagnostic, avec un acc\u00e8s au vaste r\u00e9seau Sanitas dans toute l&#8217;Espagne. <\/p>\n<p>Cette assurance est <strong>reconnue par la plupart des consulats,<\/strong> ce qui facilite la proc\u00e9dure d&#8217;obtention du visa. Veillez \u00e0 confirmer son acceptation aupr\u00e8s de votre consulat avant votre rendez-vous. <\/p>\n\t\t\t\t\t\t\t\t<\/div>\n\t\t\t\t<\/div>\n\t\t\t\t<\/div>\n\t\t<div class=\"elementor-element elementor-element-89f9e9b e-con-full e-flex e-con e-child\" data-id=\"89f9e9b\" data-element_type=\"container\" data-settings=\"{&quot;background_background&quot;:&quot;classic&quot;,&quot;jet_parallax_layout_list&quot;:[]}\">\n\t\t\t\t<\/div>\n\t\t\t\t<\/div>\n\t\t\t\t<\/div>\n\t\t","protected":false},"excerpt":{"rendered":"<p>Assurance m\u00e9dicale pour votre s\u00e9jour en Espagne Il est essentiel que vous disposiez d&#8217;une assurance m\u00e9dicale valide pendant votre s\u00e9jour en Espagne pour garantir votre bien-\u00eatre. Si vous r\u00e9sidez dans l&#8217;Union europ\u00e9enne : vous pouvez utiliser la carte europ\u00e9enne d&#8217;assurance maladie pour \u00e9tendre votre couverture m\u00e9dicale en Espagne. Si vous avez une assurance maladie priv\u00e9e, [&hellip;]<\/p>\n","protected":false},"author":1,"featured_media":0,"parent":0,"menu_order":0,"comment_status":"closed","ping_status":"closed","template":"","meta":{"footnotes":""},"class_list":["post-942","page","type-page","status-publish","hentry"],"_links":{"self":[{"href":"https:\/\/proyectoespanol.com\/fr\/wp-json\/wp\/v2\/pages\/942","targetHints":{"allow":["GET"]}}],"collection":[{"href":"https:\/\/proyectoespanol.com\/fr\/wp-json\/wp\/v2\/pages"}],"about":[{"href":"https:\/\/proyectoespanol.com\/fr\/wp-json\/wp\/v2\/types\/page"}],"author":[{"embeddable":true,"href":"https:\/\/proyectoespanol.com\/fr\/wp-json\/wp\/v2\/users\/1"}],"replies":[{"embeddable":true,"href":"https:\/\/proyectoespanol.com\/fr\/wp-json\/wp\/v2\/comments?post=942"}],"version-history":[{"count":0,"href":"https:\/\/proyectoespanol.com\/fr\/wp-json\/wp\/v2\/pages\/942\/revisions"}],"wp:attachment":[{"href":"https:\/\/proyectoespanol.com\/fr\/wp-json\/wp\/v2\/media?parent=942"}],"curies":[{"name":"wp","href":"https:\/\/api.w.org\/{rel}","templated":true}]}}